{"id":5911,"date":"2019-03-13T18:59:37","date_gmt":"2019-03-13T17:59:37","guid":{"rendered":"https:\/\/www.lastminuteweb.be\/?page_id=5911"},"modified":"2023-10-09T16:12:53","modified_gmt":"2023-10-09T15:12:53","slug":"tenerife","status":"publish","type":"page","link":"https:\/\/www.lastminuteweb.be\/fr\/sunjets\/tenerife\/","title":{"rendered":"Je recherche un h\u00f4tel Sunjets \u00e0 Tenerife"},"content":{"rendered":"<p><img decoding=\"async\" src=\"https:\/\/www.lastminuteweb.be\/wp-content\/uploads\/2019\/03\/bahia-principe-costa-adeje-fr-300x247.jpg\" alt=\"\" width=\"300\" height=\"247\" class=\"aligncenter size-medium wp-image-5915\" srcset=\"https:\/\/www.lastminuteweb.be\/wp-content\/uploads\/2019\/03\/bahia-principe-costa-adeje-fr-300x247.jpg 300w, https:\/\/www.lastminuteweb.be\/wp-content\/uploads\/2019\/03\/bahia-principe-costa-adeje-fr.jpg 490w\" sizes=\"(max-width: 300px) 100vw, 300px\" \/><\/p>\n<div id='5-Sunjets' class='widgets_on_page wop_tiny1  wop_small1  wop_medium1  wop_large1  wop_wide1'>\n\t\t\t<ul><li id=\"text-35\" class=\"widget widget_text\">\t\t\t<div class=\"textwidget\"><p><center><a class=\"button\" href=\"https:\/\/www.tui.be\/fr\" target=\"_blank\" rel=\"noopener\">Voir les offres de derni\u00e8re minute \u00bb<\/a><\/center>&nbsp;<\/p>\n<\/div>\n\t\t<\/li><\/ul><\/div><!-- widgets_on_page -->\n<p><strong>ASTUCE ! \u2013 Consultez \u00e9galement les offres last minute de ces fournisseurs<\/strong><br \/>\n<div class=\"conv-container\">\r\n <div class=\"conv-box\">\r\n        <a href=\"https:\/\/www.tui.be\/fr\/last-minutes\" rel=\"nofollow noopener\" target=\"_blank\"><img decoding=\"async\" src=\"\/wp-content\/uploads\/2023\/10\/330-tui.webp\" class=\"conv-logo\" style=\"width: 165px; height: auto; display: inline-block;\"><\/a>\r\n        <a href=\"https:\/\/www.tui.be\/fr\/last-minutes\" rel=\"nofollow noopener\" target=\"_blank\"><button class=\"conv-button\">Voir les offres &raquo;<\/button><\/a>\r\n    <\/div>\r\n    <div class=\"conv-box\">\r\n      <a href=\"https:\/\/www.sunweb.be\/fr\/vacances\/last-minutes\" rel=\"nofollow noopener\" target=\"_blank\">  <img decoding=\"async\" src=\"\/wp-content\/uploads\/2023\/10\/330-Sunweb.webp\" class=\"conv-logo\" style=\"width: 165px; height: auto; display: inline-block;\"><\/a>\r\n        <a href=\"https:\/\/www.sunweb.be\/fr\/vacances\/last-minutes\" rel=\"nofollow noopener\" target=\"_blank\"><button class=\"conv-button\">Voir les offres &raquo;<\/button><\/a>\r\n    <\/div>\r\n    <div class=\"conv-box\">\r\n        <a href=\"https:\/\/fr.corendon.be\/voyages\/lastminutes\" rel=\"nofollow noopener\" target=\"_blank\"><img decoding=\"async\" src=\"\/wp-content\/uploads\/2023\/10\/330-corendon.webp\" class=\"conv-logo\" style=\"width: 165px; height: auto; display: inline-block;\"><\/a>\r\n        <a href=\"https:\/\/fr.corendon.be\/voyages\/lastminutes\" rel=\"nofollow noopener\" target=\"_blank\"><button class=\"conv-button\">Voir les offres &raquo;<\/button><\/a>\r\n    <\/div>\r\n<\/div>\r\n\r\n\nC\u00e9l\u00e9brez vos vacances sur la populaire \u00eele de vacances de Tenerife. L&rsquo;\u00eele espagnole de Tenerife est la plus grande des \u00eeles Canaries et l&rsquo;une des destinations de <a href=\"\/fr\/sunjets\/\">vacances Sunjets les plus populaires<\/a> en Europe. Ce statut n&rsquo;a pas \u00e9t\u00e9 accord\u00e9 \u00e0 l&rsquo;\u00eele pour rien. Presque toute l&rsquo;ann\u00e9e, le soleil brille sur Tenerife, ce qui assure une temp\u00e9rature agr\u00e9able. Les touristes r\u00e9servent ces vacances en grand nombre non seulement pour le soleil, mais aussi pour la culture et la nature. Des endroits comme Playa de las Am\u00e9ricas, Costa Adeje, Puerto de la Cruz et Santa Cruz sont populaires parmi les touristes et constituent une base id\u00e9ale pour explorer l&rsquo;\u00eele enti\u00e8re.<\/p>\n<p>Recherche de culture et de nature \u00e0 Tenerife. Pour faire de votre voyage plus que de simples <a href=\"\/fr\/\">vacances au soleil<\/a>, vous n&rsquo;avez pas besoin de chercher loin sur Tenerife. L&rsquo;\u00eele a un paysage volcanique, \u00e0 travers lequel vous pouvez marcher et le volcan Pico del Teide peut \u00eatre visit\u00e9 en t\u00e9l\u00e9ph\u00e9rique. Alternez les plages de sable blanc avec les plages de lave du Parc National du Teide et visitez la capitale Santa Cruz de Tenerife pour un peu plus de culture. L&rsquo;id\u00e9e : prendre le bus qui monte et descend pour explorer tous les points culminants de l&rsquo;\u00eele.<\/p>\n<h2>(astuce) H\u00f4tel Bah\u00eda Pr\u00edncipe Costa Adeje<\/h2>\n<p>Profitez de Baha Principe sur la c\u00f4te ouest de Tenerife ! La ville de Costa Adeje est en train de devenir une destination touristique populaire. Pour un s\u00e9jour de luxe chez Sunjets, l&rsquo;h\u00f4tel 4 \u00e9toiles Bah\u00eda Pr\u00edncipe Costa Adeje est recommand\u00e9. L&rsquo;h\u00e9bergement est magnifiquement situ\u00e9 sur une falaise, de sorte que les clients peuvent profiter de la vue. Il y a beaucoup d&rsquo;installations qui peuvent \u00eatre utilis\u00e9es. Il y a plusieurs piscines, plusieurs restaurants et de nombreux bars o\u00f9 vous pouvez aller jusqu&rsquo;\u00e0 tard le soir. De plus, il y a plusieurs autres installations que vous pouvez utiliser moyennant des frais, comme des le\u00e7ons de plong\u00e9e, des saunas, des bains tourbillons et des massages. Tu es partant pour une f\u00eate ? Puis vous trouverez une discoth\u00e8que branch\u00e9e au Pueblo Pr\u00edncipe o\u00f9 vous pourrez danser jusqu&rsquo;au petit matin.<\/p>\n","protected":false},"excerpt":{"rendered":"<p>ASTUCE ! \u2013 Consultez \u00e9galement les offres last minute de ces fournisseurs C\u00e9l\u00e9brez vos vacances sur la populaire \u00eele de vacances de Tenerife. L&rsquo;\u00eele espagnole de Tenerife est la plus grande des \u00eeles Canaries et l&rsquo;une des destinations de vacances Sunjets les plus populaires en Europe. Ce statut n&rsquo;a pas \u00e9t\u00e9 accord\u00e9 \u00e0 l&rsquo;\u00eele pour &#8230; <a title=\"Je recherche un h\u00f4tel Sunjets \u00e0 Tenerife\" class=\"read-more\" href=\"https:\/\/www.lastminuteweb.be\/fr\/sunjets\/tenerife\/\" aria-label=\"Read more about Je recherche un h\u00f4tel Sunjets \u00e0 Tenerife\">Read more<\/a><\/p>\n","protected":false},"author":3,"featured_media":0,"parent":5403,"menu_order":0,"comment_status":"closed","ping_status":"closed","template":"","meta":{"footnotes":""},"class_list":["post-5911","page","type-page","status-publish"],"_links":{"self":[{"href":"https:\/\/www.lastminuteweb.be\/fr\/wp-json\/wp\/v2\/pages\/5911","targetHints":{"allow":["GET"]}}],"collection":[{"href":"https:\/\/www.lastminuteweb.be\/fr\/wp-json\/wp\/v2\/pages"}],"about":[{"href":"https:\/\/www.lastminuteweb.be\/fr\/wp-json\/wp\/v2\/types\/page"}],"author":[{"embeddable":true,"href":"https:\/\/www.lastminuteweb.be\/fr\/wp-json\/wp\/v2\/users\/3"}],"replies":[{"embeddable":true,"href":"https:\/\/www.lastminuteweb.be\/fr\/wp-json\/wp\/v2\/comments?post=5911"}],"version-history":[{"count":0,"href":"https:\/\/www.lastminuteweb.be\/fr\/wp-json\/wp\/v2\/pages\/5911\/revisions"}],"up":[{"embeddable":true,"href":"https:\/\/www.lastminuteweb.be\/fr\/wp-json\/wp\/v2\/pages\/5403"}],"wp:attachment":[{"href":"https:\/\/www.lastminuteweb.be\/fr\/wp-json\/wp\/v2\/media?parent=5911"}],"curies":[{"name":"wp","href":"https:\/\/api.w.org\/{rel}","templated":true}]}}