{"id":5581,"date":"2019-03-12T15:46:37","date_gmt":"2019-03-12T14:46:37","guid":{"rendered":"https:\/\/www.lastminuteweb.be\/?page_id=5581"},"modified":"2023-10-09T13:48:48","modified_gmt":"2023-10-09T12:48:48","slug":"portugal","status":"publish","type":"page","link":"https:\/\/www.lastminuteweb.be\/fr\/voyage-de-derniere-minute\/portugal\/","title":{"rendered":"Je cherche un \u00ab\u00a0last minute\u00a0\u00bb pour le Portugal"},"content":{"rendered":"<div id='6-LMR' class='widgets_on_page wop_tiny1  wop_small1  wop_medium1  wop_large1  wop_wide1'>\n\t\t\t<ul><li id=\"text-37\" class=\"widget widget_text\">\t\t\t<div class=\"textwidget\"><h2>Comment trouver rapidement les vacances de derni\u00e8re minute les moins ch\u00e8res ?<\/h2>\n<p><b>Astuce 1 :<\/b> Cliquez sur ces liens pour obtenir imm\u00e9diatement un aper\u00e7u des offres de derni\u00e8re minute.<br \/>\n<big><br \/>\n<span style=\"color: #0bb31e; margin:10px;\"><strong>\u2713<\/strong><\/span> <a href=\"https:\/\/www.tui.be\/fr\/last-minutes\" target=\"_blank\" rel=\"noopener\">TUI.be<\/a><br \/>\n<span style=\"color: #0bb31e; margin:10px;\"><strong>\u2713<\/strong><\/span> <a href=\"https:\/\/www.tui.be\/fr\" target=\"_blank\" rel=\"noopener\">Sunjets.be<\/a><br \/>\n<span style=\"color: #0bb31e; margin:10px;\"><strong>\u2713<\/strong><\/span> <a href=\"\/Corendonfr\/\" target=\"_blank\" rel=\"noopener\">Corendon.be<\/a><br \/>\n<span style=\"color: #0bb31e; margin:10px;\"><strong>\u2713<\/strong><\/span> <a href=\"https:\/\/www.sunweb.be\/fr\/vacances\" target=\"_blank\" rel=\"noopener\">Sunweb.be<\/a><br \/>\n<\/big><br \/>\n<b>Astuce 2 :<\/b> Les offres de derni\u00e8re minute de Sunweb, Corendon, TUI, Neckermann et Sunjets sont mises \u00e0 jour quotidiennement. Choisissez parmi plus de 30 000 derni\u00e8res minutes avec d&rsquo;importants rabais !<\/p>\n<\/div>\n\t\t<\/li><\/ul><\/div><!-- widgets_on_page -->\n<div class=\"conv-container\">\r\n <div class=\"conv-box\">\r\n        <a href=\"https:\/\/www.tui.be\/fr\/last-minutes\" rel=\"nofollow noopener\" target=\"_blank\"><img decoding=\"async\" src=\"\/wp-content\/uploads\/2023\/10\/330-tui.webp\" class=\"conv-logo\" style=\"width: 165px; height: auto; display: inline-block;\"><\/a>\r\n        <a href=\"https:\/\/www.tui.be\/fr\/last-minutes\" rel=\"nofollow noopener\" target=\"_blank\"><button class=\"conv-button\">Voir les offres &raquo;<\/button><\/a>\r\n    <\/div>\r\n    <div class=\"conv-box\">\r\n      <a href=\"https:\/\/www.sunweb.be\/fr\/vacances\/last-minutes\" rel=\"nofollow noopener\" target=\"_blank\">  <img decoding=\"async\" src=\"\/wp-content\/uploads\/2023\/10\/330-Sunweb.webp\" class=\"conv-logo\" style=\"width: 165px; height: auto; display: inline-block;\"><\/a>\r\n        <a href=\"https:\/\/www.sunweb.be\/fr\/vacances\/last-minutes\" rel=\"nofollow noopener\" target=\"_blank\"><button class=\"conv-button\">Voir les offres &raquo;<\/button><\/a>\r\n    <\/div>\r\n    <div class=\"conv-box\">\r\n        <a href=\"https:\/\/fr.corendon.be\/voyages\/lastminutes\" rel=\"nofollow noopener\" target=\"_blank\"><img decoding=\"async\" src=\"\/wp-content\/uploads\/2023\/10\/330-corendon.webp\" class=\"conv-logo\" style=\"width: 165px; height: auto; display: inline-block;\"><\/a>\r\n        <a href=\"https:\/\/fr.corendon.be\/voyages\/lastminutes\" rel=\"nofollow noopener\" target=\"_blank\"><button class=\"conv-button\">Voir les offres &raquo;<\/button><\/a>\r\n    <\/div>\r\n<\/div>\r\n\r\n\n&nbsp;<br \/>\n\n<span style=\"font-weight: 400;\">De plus en plus de touristes partent en vacances au Portugal. Le Portugal est une merveilleuse destination de vacances au printemps ou en haute saison. Les temp\u00e9ratures savoureuses, les belles plages et les mers sal\u00e9es sont les \u00e9l\u00e9ments d&rsquo;un merveilleux s\u00e9jour au soleil. Outre le fait que le Portugal dispose de ces \u00e9l\u00e9ments, il a bien plus \u00e0 offrir que cela. Un voyage de last minute au Portugal est donc d\u00e9finitivement recommand\u00e9 si vous voulez vous en sortir, mais que vous cherchez plus qu&rsquo;un simple s\u00e9jour au soleil. Pour la bonne ch\u00e8re et les boissons, le Portugal est l&rsquo;endroit o\u00f9 il faut \u00eatre. La renomm\u00e9e des vins portugais est tr\u00e8s ancienne et compl\u00e9tera vos vacances. De plus, la nourriture au Portugal ne vous donnera pas le mal du pays. La cuisine portugaise est tr\u00e8s vari\u00e9e et dans toutes les r\u00e9gions du pays, vous pourrez d\u00e9guster diff\u00e9rents plats r\u00e9gionaux. Les Portugais adorent le poisson, mais les plats de viande sont aussi disponibles en plusieurs sortes. Une autre d\u00e9licatesse du pays sont les petites p\u00e2tisseries. Celles-ci sont souvent fabriqu\u00e9es avec des alcools et sont caract\u00e9ristiques de la culture portugaise. La musique, la peinture et le sport sont \u00e9galement pr\u00e9sents dans la culture portugaise. Les amoureux de ce pays vont adorer. Le Portugal est une destination de vacances tr\u00e8s vari\u00e9e. Il est recommand\u00e9 de louer une voiture \u00e0 Sintra pour visiter Sintra et Lisbonne. Apr\u00e8s avoir lu ces lignes, des vacances de last minute au Portugal, c&rsquo;est de la musique \u00e0 vos oreilles ? Heureusement, vous pouvez souvent profiter de rabais de <a href=\"https:\/\/www.lastminuteweb.be\/fr\/voyage-de-derniere-minute\/\">last minute<\/a> et vos <a href=\"\/fr\/\">vacances<\/a> sont termin\u00e9es.<\/span><\/p>\n<h2>D\u00e9couvrez ce joyau de la p\u00e9ninsule ib\u00e9rique<\/h2>\n<p>Le Portugal est un pays du sud de l&rsquo;Europe, situ\u00e9 sur l&rsquo;oc\u00e9an Atlantique. C&rsquo;est une destination pris\u00e9e des touristes du monde entier en raison de sa magnifique nature, de ses villes historiques et de sa culture vivante. Un voyage \u00ab\u00a0last minute\u00a0\u00bb au Portugal est la mani\u00e8re parfaite de profiter de tout ce que le pays a \u00e0 offrir sans d\u00e9bourser une fortune.<\/p>\n<h2>Pourquoi choisir un voyage \u00ab\u00a0last minute\u00a0\u00bb au Portugal?<\/h2>\n<p>Un voyage \u00ab\u00a0last minute\u00a0\u00bb au Portugal est une excellente fa\u00e7on d&rsquo;\u00e9conomiser de l&rsquo;argent. Les agences de voyage proposent souvent des r\u00e9ductions sur les voyages \u00ab\u00a0last minute\u00a0\u00bb, car elles souhaitent combler leurs places vacantes. Vous pouvez ainsi b\u00e9n\u00e9ficier d&rsquo;un beau voyage \u00e0 un prix \u00e9tonnamment avantageux.<br \/>\nAvec un voyage \u00ab\u00a0last minute\u00a0\u00bb, vous avez plus d&rsquo;options. Il reste souvent des places disponibles chez diff\u00e9rents tour-op\u00e9rateurs, vous permettant de trouver exactement le voyage qui vous convient. Vous avez \u00e9galement plus de flexibilit\u00e9, car vous pouvez choisir la dur\u00e9e de votre s\u00e9jour \u00e0 la derni\u00e8re minute.<br \/>\nLe Portugal est un pays abordable. Les tarifs des h\u00f4tels, de la nourriture et des boissons sont g\u00e9n\u00e9ralement inf\u00e9rieurs \u00e0 ceux de nombreuses autres destinations touristiques populaires.<\/p>\n<h2>Astuces pour trouver un voyage \u00ab\u00a0last minute\u00a0\u00bb au Portugal<\/h2>\n<ul>\n<li>Soyez flexible concernant votre date de d\u00e9part et votre destination. Plus vous \u00eates flexible, plus vous avez de chances de trouver une bonne affaire.<\/li>\n<li>R\u00e9servez votre voyage \u00e0 l&rsquo;avance. Plus vous r\u00e9servez t\u00f4t, plus vous avez de chances de d\u00e9nicher une bonne affaire.<\/li>\n<li>Consultez les offres de diff\u00e9rentes agences de voyage. Comparez les prix et les conditions des diff\u00e9rentes offres avant de faire votre choix.<\/li>\n<\/ul>\n<h2>Que pouvez-vous faire au Portugal?<\/h2>\n<p>Le Portugal a beaucoup \u00e0 offrir aux visiteurs de tous \u00e2ges et de tous centres d&rsquo;int\u00e9r\u00eat. Voici quelques id\u00e9es de ce que vous pouvez faire lors de votre voyage \u00ab\u00a0last minute\u00a0\u00bb:<\/p>\n<ul>\n<li>D\u00e9tendez-vous sur l&rsquo;une des magnifiques plages du Portugal. Le pays dispose d&rsquo;une c\u00f4te de plus de 1.700 kilom\u00e8tres.<\/li>\n<li>Plongez ou faites de la plong\u00e9e en apn\u00e9e dans la mer d&rsquo;un bleu \u00e9clatant. Les eaux entourant le Portugal sont un paradis pour les plongeurs.<\/li>\n<li>Visitez les villes historiques comme Lisbonne, Porto et Faro. Ces villes regorgent d&rsquo;histoire et de culture.<\/li>\n<li>Randonnez dans les parcs nationaux du Portugal. Le pays compte de magnifiques parcs nationaux, tels que Serra da Estrela et Peneda-Ger\u00eas.<\/li>\n<\/ul>\n<h2>O\u00f9 pouvez-vous aller au Portugal avec un voyage \u00ab\u00a0last minute\u00a0\u00bb?<\/h2>\n<p>Avec un voyage \u00ab\u00a0last minute\u00a0\u00bb au Portugal, vous pouvez vous rendre dans de nombreuses destinations. Voici les destinations populaires pour les voyages \u00ab\u00a0last minute\u00a0\u00bb au Portugal:<\/p>\n<ul>\n<li><strong>Lisbonne<\/strong> : La capitale du Portugal, avec une sc\u00e8ne culturelle anim\u00e9e.<\/li>\n<li><strong>Porto<\/strong> : La deuxi\u00e8me plus grande ville du Portugal, avec un centre historique.<\/li>\n<li><strong>Faro<\/strong> : La capitale de l&rsquo;Algarve, dot\u00e9e d&rsquo;une superbe c\u00f4te.<\/li>\n<li><strong>A\u00e7ores<\/strong> : Un archipel dans l&rsquo;oc\u00e9an Atlantique, avec un paysage volcanique.<\/li>\n<li><strong>Madeira<\/strong> : Une \u00eele dans l&rsquo;oc\u00e9an Atlantique, avec un climat subtropical.<\/li>\n<\/ul>\n<h2>Conclusion<\/h2>\n<p>Un voyage \u00ab\u00a0last minute\u00a0\u00bb au Portugal est le moyen id\u00e9al de vivre des vacances inoubliables sans se ruiner. Avec un peu de planification, vous pouvez trouver une excellente affaire et profiter de vacances merveilleuses \u00e0 un prix \u00e9tonnamment comp\u00e9titif.<\/p>\n<p>Si vous recherchez des vacances inoubliables \u00e0 un prix \u00e9tonnamment comp\u00e9titif, r\u00e9servez d\u00e8s maintenant votre voyage \u00ab\u00a0last minute\u00a0\u00bb au Portugal!<\/p>\n<p><img decoding=\"async\" src=\"https:\/\/www.lastminuteweb.be\/wp-content\/uploads\/2016\/09\/portugal.jpg\" alt=\"\" width=\"1075\" height=\"497\" class=\"aligncenter size-full wp-image-5645\" srcset=\"https:\/\/www.lastminuteweb.be\/wp-content\/uploads\/2016\/09\/portugal.jpg 1075w, https:\/\/www.lastminuteweb.be\/wp-content\/uploads\/2016\/09\/portugal-300x139.jpg 300w, https:\/\/www.lastminuteweb.be\/wp-content\/uploads\/2016\/09\/portugal-768x355.jpg 768w, https:\/\/www.lastminuteweb.be\/wp-content\/uploads\/2016\/09\/portugal-1024x473.jpg 1024w\" sizes=\"(max-width: 1075px) 100vw, 1075px\" \/><br \/>\n<div id='11-Trending' class='widgets_on_page wop_tiny1  wop_small1  wop_medium1  wop_large1  wop_wide1'>\n\t\t\t<ul><li id=\"wtpsw-post-list-widget-3\" class=\"widget wtpsw_post_list_widget\"><h2 class=\"widgettitle\">Tendances de voyage<\/h2>\t\t\t<div class=\"wtpsw-post-items\">\r\n\t\t\t\t<ul>\r\n\t\t\t\t\t\r\n<li class=\"wtpsw-post-li\">\r\n\t\r\n\t<div class=\"wtpsw-post-thumb-right\">\r\n\t\t<h6> <a class=\"wtpsw-post-title\" href=\"https:\/\/www.lastminuteweb.be\/fr\/sunweb\/\">Last minutes Sunweb<\/a><\/h6>\r\n\r\n\t\t\r\n\t\t<div class=\"wtpsw-post-stats\">\r\n\t\t\t\t\t<\/div>\r\n\r\n\t\t\t<\/div>\r\n<\/li>\r\n<li class=\"wtpsw-post-li\">\r\n\t\r\n\t<div class=\"wtpsw-post-thumb-right\">\r\n\t\t<h6> <a class=\"wtpsw-post-title\" href=\"https:\/\/www.lastminuteweb.be\/fr\/sunjets\/\">Last minutes Sunjets<\/a><\/h6>\r\n\r\n\t\t\r\n\t\t<div class=\"wtpsw-post-stats\">\r\n\t\t\t\t\t<\/div>\r\n\r\n\t\t\t<\/div>\r\n<\/li>\r\n<li class=\"wtpsw-post-li\">\r\n\t\r\n\t<div class=\"wtpsw-post-thumb-right\">\r\n\t\t<h6> <a class=\"wtpsw-post-title\" href=\"https:\/\/www.lastminuteweb.be\/fr\/neckermann\/\">Last minutes Neckermann<\/a><\/h6>\r\n\r\n\t\t\r\n\t\t<div class=\"wtpsw-post-stats\">\r\n\t\t\t\t\t<\/div>\r\n\r\n\t\t\t<\/div>\r\n<\/li>\r\n<li class=\"wtpsw-post-li\">\r\n\t\r\n\t<div class=\"wtpsw-post-thumb-right\">\r\n\t\t<h6> <a class=\"wtpsw-post-title\" href=\"https:\/\/www.lastminuteweb.be\/fr\/compare\/\">Comparer les fournisseurs<\/a><\/h6>\r\n\r\n\t\t\r\n\t\t<div class=\"wtpsw-post-stats\">\r\n\t\t\t\t\t<\/div>\r\n\r\n\t\t\t<\/div>\r\n<\/li>\r\n<li class=\"wtpsw-post-li\">\r\n\t\r\n\t<div class=\"wtpsw-post-thumb-right\">\r\n\t\t<h6> <a class=\"wtpsw-post-title\" href=\"https:\/\/www.lastminuteweb.be\/fr\/corendon\/\">Last minutes Corendon<\/a><\/h6>\r\n\r\n\t\t\r\n\t\t<div class=\"wtpsw-post-stats\">\r\n\t\t\t\t\t<\/div>\r\n\r\n\t\t\t<\/div>\r\n<\/li>\t\t\t\t<\/ul>\r\n\t\t\t<\/div>\r\n\t\t<\/li><\/ul><\/div><!-- widgets_on_page -->\n","protected":false},"excerpt":{"rendered":"<p>&nbsp; De plus en plus de touristes partent en vacances au Portugal. Le Portugal est une merveilleuse destination de vacances au printemps ou en haute saison. Les temp\u00e9ratures savoureuses, les belles plages et les mers sal\u00e9es sont les \u00e9l\u00e9ments d&rsquo;un merveilleux s\u00e9jour au soleil. Outre le fait que le Portugal dispose de ces \u00e9l\u00e9ments, il &#8230; <a title=\"Last minutes Corendon\" class=\"read-more\" href=\"https:\/\/www.lastminuteweb.be\/fr\/corendon\/\" aria-label=\"Read more about Last minutes Corendon\">Read more<\/a><\/p>\n","protected":false},"author":3,"featured_media":0,"parent":5366,"menu_order":0,"comment_status":"closed","ping_status":"closed","template":"","meta":{"footnotes":""},"class_list":["post-5581","page","type-page","status-publish"],"_links":{"self":[{"href":"https:\/\/www.lastminuteweb.be\/fr\/wp-json\/wp\/v2\/pages\/5581","targetHints":{"allow":["GET"]}}],"collection":[{"href":"https:\/\/www.lastminuteweb.be\/fr\/wp-json\/wp\/v2\/pages"}],"about":[{"href":"https:\/\/www.lastminuteweb.be\/fr\/wp-json\/wp\/v2\/types\/page"}],"author":[{"embeddable":true,"href":"https:\/\/www.lastminuteweb.be\/fr\/wp-json\/wp\/v2\/users\/3"}],"replies":[{"embeddable":true,"href":"https:\/\/www.lastminuteweb.be\/fr\/wp-json\/wp\/v2\/comments?post=5581"}],"version-history":[{"count":0,"href":"https:\/\/www.lastminuteweb.be\/fr\/wp-json\/wp\/v2\/pages\/5581\/revisions"}],"up":[{"embeddable":true,"href":"https:\/\/www.lastminuteweb.be\/fr\/wp-json\/wp\/v2\/pages\/5366"}],"wp:attachment":[{"href":"https:\/\/www.lastminuteweb.be\/fr\/wp-json\/wp\/v2\/media?parent=5581"}],"curies":[{"name":"wp","href":"https:\/\/api.w.org\/{rel}","templated":true}]}}