{"id":5419,"date":"2019-03-12T15:06:03","date_gmt":"2019-03-12T14:06:03","guid":{"rendered":"https:\/\/www.lastminuteweb.be\/?page_id=5419"},"modified":"2023-10-09T10:35:08","modified_gmt":"2023-10-09T09:35:08","slug":"france","status":"publish","type":"page","link":"https:\/\/www.lastminuteweb.be\/fr\/voyage-de-derniere-minute\/france\/","title":{"rendered":"Je cherche une last minute pour la France"},"content":{"rendered":"<div id='6-LMR' class='widgets_on_page wop_tiny1  wop_small1  wop_medium1  wop_large1  wop_wide1'>\n\t\t\t<ul><li id=\"text-37\" class=\"widget widget_text\">\t\t\t<div class=\"textwidget\"><h2>Comment trouver rapidement les vacances de derni\u00e8re minute les moins ch\u00e8res ?<\/h2>\n<p><b>Astuce 1 :<\/b> Cliquez sur ces liens pour obtenir imm\u00e9diatement un aper\u00e7u des offres de derni\u00e8re minute.<br \/>\n<big><br \/>\n<span style=\"color: #0bb31e; margin:10px;\"><strong>\u2713<\/strong><\/span> <a href=\"https:\/\/www.tui.be\/fr\/last-minutes\" target=\"_blank\" rel=\"noopener\">TUI.be<\/a><br \/>\n<span style=\"color: #0bb31e; margin:10px;\"><strong>\u2713<\/strong><\/span> <a href=\"https:\/\/www.tui.be\/fr\" target=\"_blank\" rel=\"noopener\">Sunjets.be<\/a><br \/>\n<span style=\"color: #0bb31e; margin:10px;\"><strong>\u2713<\/strong><\/span> <a href=\"\/Corendonfr\/\" target=\"_blank\" rel=\"noopener\">Corendon.be<\/a><br \/>\n<span style=\"color: #0bb31e; margin:10px;\"><strong>\u2713<\/strong><\/span> <a href=\"https:\/\/www.sunweb.be\/fr\/vacances\" target=\"_blank\" rel=\"noopener\">Sunweb.be<\/a><br \/>\n<\/big><br \/>\n<b>Astuce 2 :<\/b> Les offres de derni\u00e8re minute de Sunweb, Corendon, TUI, Neckermann et Sunjets sont mises \u00e0 jour quotidiennement. Choisissez parmi plus de 30 000 derni\u00e8res minutes avec d&rsquo;importants rabais !<\/p>\n<\/div>\n\t\t<\/li><\/ul><\/div><!-- widgets_on_page -->\n<div class=\"conv-container\">\r\n <div class=\"conv-box\">\r\n        <a href=\"https:\/\/www.tui.be\/fr\/last-minutes\" rel=\"nofollow noopener\" target=\"_blank\"><img decoding=\"async\" src=\"\/wp-content\/uploads\/2023\/10\/330-tui.webp\" class=\"conv-logo\" style=\"width: 165px; height: auto; display: inline-block;\"><\/a>\r\n        <a href=\"https:\/\/www.tui.be\/fr\/last-minutes\" rel=\"nofollow noopener\" target=\"_blank\"><button class=\"conv-button\">Voir les offres &raquo;<\/button><\/a>\r\n    <\/div>\r\n    <div class=\"conv-box\">\r\n      <a href=\"https:\/\/www.sunweb.be\/fr\/vacances\/last-minutes\" rel=\"nofollow noopener\" target=\"_blank\">  <img decoding=\"async\" src=\"\/wp-content\/uploads\/2023\/10\/330-Sunweb.webp\" class=\"conv-logo\" style=\"width: 165px; height: auto; display: inline-block;\"><\/a>\r\n        <a href=\"https:\/\/www.sunweb.be\/fr\/vacances\/last-minutes\" rel=\"nofollow noopener\" target=\"_blank\"><button class=\"conv-button\">Voir les offres &raquo;<\/button><\/a>\r\n    <\/div>\r\n    <div class=\"conv-box\">\r\n        <a href=\"https:\/\/fr.corendon.be\/voyages\/lastminutes\" rel=\"nofollow noopener\" target=\"_blank\"><img decoding=\"async\" src=\"\/wp-content\/uploads\/2023\/10\/330-corendon.webp\" class=\"conv-logo\" style=\"width: 165px; height: auto; display: inline-block;\"><\/a>\r\n        <a href=\"https:\/\/fr.corendon.be\/voyages\/lastminutes\" rel=\"nofollow noopener\" target=\"_blank\"><button class=\"conv-button\">Voir les offres &raquo;<\/button><\/a>\r\n    <\/div>\r\n<\/div>\r\n\r\n\n&nbsp;<br \/>\n\n<span style=\"font-weight: 400;\">Les vacanciers qui choisissent la France comme destination, viennent dans toutes les formes et tailles. La France est incroyablement grande et tous les lieux attirent d&rsquo;autres visiteurs. Nice \u00e0 une villa dans le sud de la France avec la famille, quelques semaines \u00e0 profiter du temps chaud en Provence. Partez en montagne avec des amis et d\u00e9couvrez les plus belles vues. \u00a0Un voyage romantique \u00e0 Paris avec votre partenaire et des photos prises \u00e0 la Tour Eiffel. \u00a0La France a quelque chose pour tout le monde \u00e0 visiter. O\u00f9 que vous alliez, vous trouverez un certain nombre de choses partout en France. Ce qui se passe principalement dans la culture fran\u00e7aise, c&rsquo;est l&rsquo;art, le th\u00e9\u00e2tre, la musique, le cin\u00e9ma, l&rsquo;architecture et la litt\u00e9rature. En France, vous pouvez \u00e9galement trouver cela dans tous les endroits. Si vous aimez les mus\u00e9es ou les beaux b\u00e2timents, vous pouvez passer un bon moment en France. \u00a0Outre la Tour Eiffel, le ch\u00e2teau de Versailles, l&rsquo;Arc de Triomphe et le Centre Pompidou sont \u00e9galement des attractions populaires. Parce qu&rsquo;on ne peut pas tout planifier et qu&rsquo;il n&rsquo;est pas loin, des vacances de last minute en France peuvent \u00eatre une bonne id\u00e9e. Parce que la France est un pays bien visit\u00e9, les prix peuvent \u00eatre \u00e9lev\u00e9s, mais avec une <a href=\"https:\/\/www.lastminuteweb.be\/fr\/voyage-de-derniere-minute\/\">last minute<\/a> en France, vous pouvez obtenir des rabais substantiels sur votre <a href=\"\/fr\/\">voyage<\/a> dans ce pays magnifique et polyvalent.<\/span><\/p>\n<h2>Je cherche un last minute pour la France<\/h2>\n<p>D\u00e9couvrez le charme de la douce France \u00e0 petit prix<\/p>\n<p>La France est un pays riche en histoire, culture et nature. Elle est une destination pris\u00e9e des touristes du monde entier. Un voyage all inclusive en last minute vers la France est le moyen id\u00e9al de profiter de tout ce que le pays a \u00e0 offrir, sans d\u00e9penser une fortune.<\/p>\n<h2>Pourquoi un voyage last minute vers la France ?<\/h2>\n<ul>\n<li>Un voyage all inclusive en last minute vers la France est une excellente fa\u00e7on d&rsquo;\u00e9conomiser de l&rsquo;argent. Les agences de voyage offrent souvent des r\u00e9ductions sur les voyages last minute afin de combler leurs places vides.<\/li>\n<li>Vous avez plus de choix. Les voyages last minute sont souvent disponibles pour une large gamme de destinations et d&rsquo;h\u00e9bergements. Cela vous permet de trouver le s\u00e9jour qui vous convient parfaitement.<\/li>\n<li>Vous b\u00e9n\u00e9ficiez d&rsquo;une plus grande flexibilit\u00e9. Les voyages last minute sont souvent disponibles pour des p\u00e9riodes plus courtes. Vous pouvez par exemple r\u00e9server un long week-end en France.<\/li>\n<\/ul>\n<h2>Astuces pour trouver un voyage last minute vers la France<\/h2>\n<ul>\n<li>Soyez flexible sur votre date de d\u00e9part et votre destination. Plus vous \u00eates flexible, plus vous avez de chances de trouver une bonne affaire.<\/li>\n<li>R\u00e9servez votre voyage \u00e0 l&rsquo;avance. Plus vous r\u00e9servez t\u00f4t, plus vous avez de chances de trouver une bonne affaire.<\/li>\n<li>Consultez les offres de diff\u00e9rentes agences de voyage. Comparez les prix et les conditions des diff\u00e9rentes offres avant de faire votre choix.<\/li>\n<\/ul>\n<h2>Que faire en France ?<\/h2>\n<p>La France a beaucoup \u00e0 offrir aux visiteurs de tous \u00e2ges et de tous centres d&rsquo;int\u00e9r\u00eat. Voici quelques id\u00e9es de ce que vous pouvez faire pendant votre s\u00e9jour last minute :<\/p>\n<ul>\n<li>Visitez la Tour Eiffel. C&rsquo;est l&rsquo;un des monuments les plus embl\u00e9matiques au monde.<\/li>\n<li>D\u00e9couvrez la ville historique de Paris. Paris est une ville riche en histoire et en culture.<\/li>\n<li>Allez skier ou faire du snowboard dans les Alpes. Les Alpes sont une destination populaire pour les amateurs de sports d&rsquo;hiver.<\/li>\n<li>D\u00e9tendez-vous sur l&rsquo;une des magnifiques plages de France. La France dispose d&rsquo;une c\u00f4te de plus de 2.700 kilom\u00e8tres.<\/li>\n<\/ul>\n<h2>O\u00f9 aller en France avec un voyage last minute ?<\/h2>\n<p>Avec un voyage all inclusive en last minute vers la France, vous avez le choix entre de nombreuses destinations. Les destinations populaires pour les voyages last minute en France sont :<\/p>\n<ul>\n<li><strong>Paris<\/strong> : La capitale de la France, riche en monuments historiques et en culture.<\/li>\n<li><strong>Nice<\/strong> : Une station baln\u00e9aire pris\u00e9e sur la C\u00f4te d&rsquo;Azur.<\/li>\n<li><strong>Marseille<\/strong> : Une grande ville dans le sud de la France, r\u00e9put\u00e9e pour sa vie nocturne anim\u00e9e.<\/li>\n<li><strong>Lille<\/strong> : Une ville historique dans le nord de la France, connue pour sa sc\u00e8ne artistique dynamique.<\/li>\n<\/ul>\n<h2>Conclusion<\/h2>\n<p>Un voyage all inclusive en last minute vers la France est le moyen parfait de vivre des vacances m\u00e9morables sans d\u00e9penser une fortune. Avec un peu de planification, vous pouvez trouver une excellente offre et profiter d&rsquo;un s\u00e9jour exceptionnel \u00e0 un prix tr\u00e8s avantageux.<\/p>\n<div id='11-Trending' class='widgets_on_page wop_tiny1  wop_small1  wop_medium1  wop_large1  wop_wide1'>\n\t\t\t<ul><li id=\"wtpsw-post-list-widget-3\" class=\"widget wtpsw_post_list_widget\"><h2 class=\"widgettitle\">Tendances de voyage<\/h2>\t\t\t<div class=\"wtpsw-post-items\">\r\n\t\t\t\t<ul>\r\n\t\t\t\t\t\r\n<li class=\"wtpsw-post-li\">\r\n\t\r\n\t<div class=\"wtpsw-post-thumb-right\">\r\n\t\t<h6> <a class=\"wtpsw-post-title\" href=\"https:\/\/www.lastminuteweb.be\/fr\/sunweb\/\">Last minutes Sunweb<\/a><\/h6>\r\n\r\n\t\t\r\n\t\t<div class=\"wtpsw-post-stats\">\r\n\t\t\t\t\t<\/div>\r\n\r\n\t\t\t<\/div>\r\n<\/li>\r\n<li class=\"wtpsw-post-li\">\r\n\t\r\n\t<div class=\"wtpsw-post-thumb-right\">\r\n\t\t<h6> <a class=\"wtpsw-post-title\" href=\"https:\/\/www.lastminuteweb.be\/fr\/sunjets\/\">Last minutes Sunjets<\/a><\/h6>\r\n\r\n\t\t\r\n\t\t<div class=\"wtpsw-post-stats\">\r\n\t\t\t\t\t<\/div>\r\n\r\n\t\t\t<\/div>\r\n<\/li>\r\n<li class=\"wtpsw-post-li\">\r\n\t\r\n\t<div class=\"wtpsw-post-thumb-right\">\r\n\t\t<h6> <a class=\"wtpsw-post-title\" href=\"https:\/\/www.lastminuteweb.be\/fr\/neckermann\/\">Last minutes Neckermann<\/a><\/h6>\r\n\r\n\t\t\r\n\t\t<div class=\"wtpsw-post-stats\">\r\n\t\t\t\t\t<\/div>\r\n\r\n\t\t\t<\/div>\r\n<\/li>\r\n<li class=\"wtpsw-post-li\">\r\n\t\r\n\t<div class=\"wtpsw-post-thumb-right\">\r\n\t\t<h6> <a class=\"wtpsw-post-title\" href=\"https:\/\/www.lastminuteweb.be\/fr\/compare\/\">Comparer les fournisseurs<\/a><\/h6>\r\n\r\n\t\t\r\n\t\t<div class=\"wtpsw-post-stats\">\r\n\t\t\t\t\t<\/div>\r\n\r\n\t\t\t<\/div>\r\n<\/li>\r\n<li class=\"wtpsw-post-li\">\r\n\t\r\n\t<div class=\"wtpsw-post-thumb-right\">\r\n\t\t<h6> <a class=\"wtpsw-post-title\" href=\"https:\/\/www.lastminuteweb.be\/fr\/corendon\/\">Last minutes Corendon<\/a><\/h6>\r\n\r\n\t\t\r\n\t\t<div class=\"wtpsw-post-stats\">\r\n\t\t\t\t\t<\/div>\r\n\r\n\t\t\t<\/div>\r\n<\/li>\t\t\t\t<\/ul>\r\n\t\t\t<\/div>\r\n\t\t<\/li><\/ul><\/div><!-- widgets_on_page -->\n","protected":false},"excerpt":{"rendered":"<p>&nbsp; Les vacanciers qui choisissent la France comme destination, viennent dans toutes les formes et tailles. La France est incroyablement grande et tous les lieux attirent d&rsquo;autres visiteurs. Nice \u00e0 une villa dans le sud de la France avec la famille, quelques semaines \u00e0 profiter du temps chaud en Provence. Partez en montagne avec des &#8230; <a title=\"Last minutes Corendon\" class=\"read-more\" href=\"https:\/\/www.lastminuteweb.be\/fr\/corendon\/\" aria-label=\"Read more about Last minutes Corendon\">Read more<\/a><\/p>\n","protected":false},"author":3,"featured_media":0,"parent":5366,"menu_order":0,"comment_status":"closed","ping_status":"closed","template":"","meta":{"footnotes":""},"class_list":["post-5419","page","type-page","status-publish"],"_links":{"self":[{"href":"https:\/\/www.lastminuteweb.be\/fr\/wp-json\/wp\/v2\/pages\/5419","targetHints":{"allow":["GET"]}}],"collection":[{"href":"https:\/\/www.lastminuteweb.be\/fr\/wp-json\/wp\/v2\/pages"}],"about":[{"href":"https:\/\/www.lastminuteweb.be\/fr\/wp-json\/wp\/v2\/types\/page"}],"author":[{"embeddable":true,"href":"https:\/\/www.lastminuteweb.be\/fr\/wp-json\/wp\/v2\/users\/3"}],"replies":[{"embeddable":true,"href":"https:\/\/www.lastminuteweb.be\/fr\/wp-json\/wp\/v2\/comments?post=5419"}],"version-history":[{"count":0,"href":"https:\/\/www.lastminuteweb.be\/fr\/wp-json\/wp\/v2\/pages\/5419\/revisions"}],"up":[{"embeddable":true,"href":"https:\/\/www.lastminuteweb.be\/fr\/wp-json\/wp\/v2\/pages\/5366"}],"wp:attachment":[{"href":"https:\/\/www.lastminuteweb.be\/fr\/wp-json\/wp\/v2\/media?parent=5419"}],"curies":[{"name":"wp","href":"https:\/\/api.w.org\/{rel}","templated":true}]}}